{"id":634,"date":"2020-05-31T23:53:00","date_gmt":"2020-05-31T23:53:00","guid":{"rendered":"https:\/\/www.ayyildizgrup.com.tr\/?page_id=634"},"modified":"2020-06-01T01:15:48","modified_gmt":"2020-06-01T01:15:48","slug":"peyzaj-urunlerimiz","status":"publish","type":"page","link":"https:\/\/www.ayyildizgrup.com.tr\/?page_id=634","title":{"rendered":"Peyzaj \u00dcr\u00fcnlerimiz"},"content":{"rendered":"\n<figure class=\"wp-block-table is-style-stripes\"><table><thead><tr><th>\u0130BREL\u0130LR<\/th><th>BODUR \u0130BREL\u0130LER<\/th><th>YAPRAKLILAR<\/th><th>\u00c7ALI GRUBU<\/th><th>A\u015eILI MEYVE<\/th><th>D\u0130\u011eER<\/th><\/tr><\/thead><tbody><tr><td>Mavi Ladin<br><\/td><td>Altuni Maz\u0131<br><\/td><td>Ihlamur<br><\/td><td>\u015eim\u015fir<\/td><td>Kiraz<\/td><td>Elenmi\u015f Yanm\u0131\u015f G\u00fcbre<\/td><\/tr><tr><td>Mavi Servi<\/td><td>Bat\u0131 Maz\u0131s\u0131<\/td><td>Hu\u015f<\/td><td>Ate\u015f Dikeni<\/td><td>Elma<\/td><td>\u0130thal \u00c7im Tohumu<\/td><\/tr><tr><td>Kara \u00c7am<\/td><td>Ard\u0131\u00e7<\/td><td>Top Akasya<\/td><td>Kar Topu<\/td><td>Armut<\/td><td><\/td><\/tr><tr><td>Leylandi<\/td><td><\/td><td>\u00c7\u0131nar<\/td><td>Leylak<\/td><td>Erik<\/td><td><\/td><\/tr><tr><td>Toros Sediri<\/td><td><\/td><td>S\u00fcs Eri\u011fi<\/td><td>G\u00fcl<\/td><td>Kay\u0131s\u0131<\/td><td><\/td><\/tr><tr><td>Boz Ard\u0131\u00e7<\/td><td><\/td><td>S\u00fcs Kiraz\u0131<\/td><td>Berberis<\/td><td>\u015eeftali<\/td><td><\/td><\/tr><tr><td><\/td><td><\/td><td>Ak\u00e7aa\u011fa\u00e7<\/td><td><\/td><td><\/td><td><\/td><\/tr><tr><td><\/td><td><\/td><td>Sofora<\/td><td><\/td><td><\/td><td><\/td><\/tr><tr><td><\/td><td><\/td><td>G\u00fcney Kandili<\/td><td><\/td><td><\/td><td><\/td><\/tr><\/tbody><\/table><\/figure>\n","protected":false},"excerpt":{"rendered":"<p>\u0130BREL\u0130LR BODUR \u0130BREL\u0130LER YAPRAKLILAR \u00c7ALI GRUBU A\u015eILI MEYVE D\u0130\u011eER Mavi Ladin Altuni Maz\u0131 Ihlamur \u015eim\u015fir Kiraz Elenmi\u015f Yanm\u0131\u015f G\u00fcbre Mavi Servi Bat\u0131 Maz\u0131s\u0131 Hu\u015f Ate\u015f Dikeni Elma \u0130thal \u00c7im Tohumu Kara \u00c7am Ard\u0131\u00e7 Top Akasya Kar Topu Armut Leylandi \u00c7\u0131nar Leylak Erik Toros Sediri S\u00fcs Eri\u011fi G\u00fcl Kay\u0131s\u0131 Boz Ard\u0131\u00e7 S\u00fcs Kiraz\u0131 Berberis \u015eeftali Ak\u00e7aa\u011fa\u00e7&hellip; <br \/> <a class=\"read-more\" href=\"https:\/\/www.ayyildizgrup.com.tr\/?page_id=634\">Devam\u0131<\/a><\/p>\n","protected":false},"author":1,"featured_media":0,"parent":0,"menu_order":0,"comment_status":"closed","ping_status":"closed","template":"page-templates\/homepage.php","meta":{"footnotes":""},"_links":{"self":[{"href":"https:\/\/www.ayyildizgrup.com.tr\/index.php?rest_route=\/wp\/v2\/pages\/634"}],"collection":[{"href":"https:\/\/www.ayyildizgrup.com.tr\/index.php?rest_route=\/wp\/v2\/pages"}],"about":[{"href":"https:\/\/www.ayyildizgrup.com.tr\/index.php?rest_route=\/wp\/v2\/types\/page"}],"author":[{"embeddable":true,"href":"https:\/\/www.ayyildizgrup.com.tr\/index.php?rest_route=\/wp\/v2\/users\/1"}],"replies":[{"embeddable":true,"href":"https:\/\/www.ayyildizgrup.com.tr\/index.php?rest_route=%2Fwp%2Fv2%2Fcomments&post=634"}],"version-history":[{"count":13,"href":"https:\/\/www.ayyildizgrup.com.tr\/index.php?rest_route=\/wp\/v2\/pages\/634\/revisions"}],"predecessor-version":[{"id":656,"href":"https:\/\/www.ayyildizgrup.com.tr\/index.php?rest_route=\/wp\/v2\/pages\/634\/revisions\/656"}],"wp:attachment":[{"href":"https:\/\/www.ayyildizgrup.com.tr\/index.php?rest_route=%2Fwp%2Fv2%2Fmedia&parent=634"}],"curies":[{"name":"wp","href":"https:\/\/api.w.org\/{rel}","templated":true}]}}