{"id":546,"date":"2020-05-31T21:22:08","date_gmt":"2020-05-31T21:22:08","guid":{"rendered":"https:\/\/www.ayyildizgrup.com.tr\/?page_id=546"},"modified":"2020-05-31T21:22:08","modified_gmt":"2020-05-31T21:22:08","slug":"kazisiz-boru-yenileme","status":"publish","type":"page","link":"https:\/\/www.ayyildizgrup.com.tr\/?page_id=546","title":{"rendered":"Kaz\u0131s\u0131z Boru Yenileme"},"content":{"rendered":"\n<div class=\"wp-block-media-text alignwide has-media-on-the-right is-stacked-on-mobile\"><figure class=\"wp-block-media-text__media\"><img decoding=\"async\" loading=\"lazy\" width=\"299\" height=\"168\" src=\"https:\/\/www.ayyildizgrup.com.tr\/wp-content\/uploads\/2020\/05\/kaz\u0131s\u0131z-boru-yenileme.jpg\" alt=\"\" class=\"wp-image-474\"\/><\/figure><div class=\"wp-block-media-text__content\">\n<p>Kanalizasyon sisteminde iki baca aras\u0131 olarak adland\u0131r\u0131lan bir r\u00f6gardan di\u011fer r\u00f6gara kadar kanal\u0131n tamam\u0131n\u0131n yada ar\u0131zal\u0131 k\u0131sm\u0131n\u0131n kaplanlamas\u0131d\u0131r. Kaplama Malzemesi olarak LINER (Poliuretan kapl\u0131 \u00e7ok katl\u0131 polyester ke\u00e7e) kullan\u0131lmaktad\u0131r. Bu malzeme ekonomiktir, 50 y\u0131la varan sa\u011flaml\u0131k garantisi vard\u0131r. Is\u0131 ve bas\u0131nca dayan\u0131kl\u0131d\u0131r<\/p>\n\n\n\n<p class=\"has-medium-font-size\">Hayat\u0131n Ak\u0131\u015f\u0131n\u0131n sa\u011fland\u0131\u011f\u0131 \u00fcst katmanda kaz\u0131 yapmadan ve hayat\u0131 aksatmadan; karayollar\u0131n\u0131n nehirlerin, akarsular\u0131n, tren yollar\u0131n\u0131n ve a\u00e7\u0131k kaz\u0131n\u0131n yap\u0131lmas\u0131na engel olan b\u00f6lgelerde zeminin alt\u0131ndan h\u0131zl\u0131 bir \u015fekilde boru hatt\u0131 d\u00f6\u015fenmesidir. \u0130\u00e7me suyu, Elektrik kablosu, Fiber Optik kablo ve di\u011fer hat \u00e7ekilmesi gereken i\u015flerinizde a\u00e7\u0131k kaz\u0131n\u0131n m\u00fcmk\u00fcn olmad\u0131\u011f\u0131 yada maliyetli oldu\u011fu projelerde avantajl\u0131d\u0131r..<\/p>\n<\/div><\/div>\n","protected":false},"excerpt":{"rendered":"<p>Kanalizasyon sisteminde iki baca aras\u0131 olarak adland\u0131r\u0131lan bir r\u00f6gardan di\u011fer r\u00f6gara kadar kanal\u0131n tamam\u0131n\u0131n yada ar\u0131zal\u0131 k\u0131sm\u0131n\u0131n kaplanlamas\u0131d\u0131r. Kaplama Malzemesi olarak LINER (Poliuretan kapl\u0131 \u00e7ok katl\u0131 polyester ke\u00e7e) kullan\u0131lmaktad\u0131r. Bu malzeme ekonomiktir, 50 y\u0131la varan sa\u011flaml\u0131k garantisi vard\u0131r. Is\u0131 ve bas\u0131nca dayan\u0131kl\u0131d\u0131r Hayat\u0131n Ak\u0131\u015f\u0131n\u0131n sa\u011fland\u0131\u011f\u0131 \u00fcst katmanda kaz\u0131 yapmadan ve hayat\u0131 aksatmadan; karayollar\u0131n\u0131n nehirlerin, akarsular\u0131n,&hellip; <br \/> <a class=\"read-more\" href=\"https:\/\/www.ayyildizgrup.com.tr\/?page_id=546\">Devam\u0131<\/a><\/p>\n","protected":false},"author":1,"featured_media":0,"parent":0,"menu_order":0,"comment_status":"closed","ping_status":"closed","template":"","meta":{"footnotes":""},"_links":{"self":[{"href":"https:\/\/www.ayyildizgrup.com.tr\/index.php?rest_route=\/wp\/v2\/pages\/546"}],"collection":[{"href":"https:\/\/www.ayyildizgrup.com.tr\/index.php?rest_route=\/wp\/v2\/pages"}],"about":[{"href":"https:\/\/www.ayyildizgrup.com.tr\/index.php?rest_route=\/wp\/v2\/types\/page"}],"author":[{"embeddable":true,"href":"https:\/\/www.ayyildizgrup.com.tr\/index.php?rest_route=\/wp\/v2\/users\/1"}],"replies":[{"embeddable":true,"href":"https:\/\/www.ayyildizgrup.com.tr\/index.php?rest_route=%2Fwp%2Fv2%2Fcomments&post=546"}],"version-history":[{"count":1,"href":"https:\/\/www.ayyildizgrup.com.tr\/index.php?rest_route=\/wp\/v2\/pages\/546\/revisions"}],"predecessor-version":[{"id":550,"href":"https:\/\/www.ayyildizgrup.com.tr\/index.php?rest_route=\/wp\/v2\/pages\/546\/revisions\/550"}],"wp:attachment":[{"href":"https:\/\/www.ayyildizgrup.com.tr\/index.php?rest_route=%2Fwp%2Fv2%2Fmedia&parent=546"}],"curies":[{"name":"wp","href":"https:\/\/api.w.org\/{rel}","templated":true}]}}