{"id":491,"date":"2020-05-31T18:49:39","date_gmt":"2020-05-31T18:49:39","guid":{"rendered":"http:\/\/www.ayyildizgrup.com.tr\/?page_id=491"},"modified":"2020-05-31T20:18:31","modified_gmt":"2020-05-31T20:18:31","slug":"goruntuleme","status":"publish","type":"page","link":"https:\/\/www.ayyildizgrup.com.tr\/?page_id=491","title":{"rendered":"G\u00f6r\u00fcnt\u00fcleme"},"content":{"rendered":"\n<p><\/p>\n\n\n\n<div class=\"wp-block-media-text alignwide has-media-on-the-right is-stacked-on-mobile is-vertically-aligned-center\" style=\"grid-template-columns:auto 41%\"><figure class=\"wp-block-media-text__media\"><img decoding=\"async\" loading=\"lazy\" width=\"400\" height=\"300\" src=\"http:\/\/www.ayyildizgrup.com.tr\/wp-content\/uploads\/2020\/05\/g\u00f6r\u00fcnt\u00fcleme-ayy\u0131ld\u0131z-grup.jpg\" alt=\"Kanalizasyon hatlar\u0131n\u0131n mevcut durumunun tespit edilmesi i\u00e7in Kanallar G\u00f6r\u00fcnt\u00fclenir. Kanal G\u00f6r\u00fcnt\u00fcleme,kanallar\u0131n i\u00e7indeki problemlerin tespit edilmesinin en kolay yoludur. Robot Kamera ile al\u0131nan g\u00f6r\u00fcnt\u00fcler DVD ortam\u0131nda kay\u0131t edilir. \u0130leri zamanlarda kullanmak \u00fczere detayl\u0131 Kanal G\u00f6r\u00fcnt\u00fcleme Raporlar\u0131 haz\u0131rlan\u0131r. Kanal temizli\u011fi, borulardaki problemli b\u00f6l\u00fcmler, s\u0131zmalar, illegal ba\u011flant\u0131lar ve yap\u0131sal hatalar tespit edilebilir. Kanal Rehabilitasyonu i\u00e7in gerekli \u00f6neleriler olu\u015fturulabilir.\" class=\"wp-image-496\"\/><\/figure><div class=\"wp-block-media-text__content\">\n<p class=\"has-medium-font-size\">Kanalizasyon hatlar\u0131n\u0131n mevcut durumunun tespit edilmesi i\u00e7in Kanallar G\u00f6r\u00fcnt\u00fclenir. Kanal G\u00f6r\u00fcnt\u00fcleme,kanallar\u0131n i\u00e7indeki problemlerin tespit edilmesinin en kolay yoludur. Robot Kamera ile al\u0131nan g\u00f6r\u00fcnt\u00fcler DVD ortam\u0131nda kay\u0131t edilir. \u0130leri zamanlarda kullanmak \u00fczere detayl\u0131 Kanal G\u00f6r\u00fcnt\u00fcleme Raporlar\u0131 haz\u0131rlan\u0131r. Kanal temizli\u011fi, borulardaki problemli b\u00f6l\u00fcmler, s\u0131zmalar, illegal ba\u011flant\u0131lar ve yap\u0131sal hatalar tespit edilebilir. Kanal Rehabilitasyonu i\u00e7in gerekli \u00f6neleriler olu\u015fturulabilir.<\/p>\n<\/div><\/div>\n","protected":false},"excerpt":{"rendered":"<p>Kanalizasyon hatlar\u0131n\u0131n mevcut durumunun tespit edilmesi i\u00e7in Kanallar G\u00f6r\u00fcnt\u00fclenir. Kanal G\u00f6r\u00fcnt\u00fcleme,kanallar\u0131n i\u00e7indeki problemlerin tespit edilmesinin en kolay yoludur. Robot Kamera ile al\u0131nan g\u00f6r\u00fcnt\u00fcler DVD ortam\u0131nda kay\u0131t edilir. \u0130leri zamanlarda kullanmak \u00fczere detayl\u0131 Kanal G\u00f6r\u00fcnt\u00fcleme Raporlar\u0131 haz\u0131rlan\u0131r. Kanal temizli\u011fi, borulardaki problemli b\u00f6l\u00fcmler, s\u0131zmalar, illegal ba\u011flant\u0131lar ve yap\u0131sal hatalar tespit edilebilir. Kanal Rehabilitasyonu i\u00e7in gerekli \u00f6neleriler olu\u015fturulabilir.<\/p>\n","protected":false},"author":1,"featured_media":496,"parent":0,"menu_order":10,"comment_status":"closed","ping_status":"closed","template":"","meta":{"footnotes":""},"_links":{"self":[{"href":"https:\/\/www.ayyildizgrup.com.tr\/index.php?rest_route=\/wp\/v2\/pages\/491"}],"collection":[{"href":"https:\/\/www.ayyildizgrup.com.tr\/index.php?rest_route=\/wp\/v2\/pages"}],"about":[{"href":"https:\/\/www.ayyildizgrup.com.tr\/index.php?rest_route=\/wp\/v2\/types\/page"}],"author":[{"embeddable":true,"href":"https:\/\/www.ayyildizgrup.com.tr\/index.php?rest_route=\/wp\/v2\/users\/1"}],"replies":[{"embeddable":true,"href":"https:\/\/www.ayyildizgrup.com.tr\/index.php?rest_route=%2Fwp%2Fv2%2Fcomments&post=491"}],"version-history":[{"count":15,"href":"https:\/\/www.ayyildizgrup.com.tr\/index.php?rest_route=\/wp\/v2\/pages\/491\/revisions"}],"predecessor-version":[{"id":538,"href":"https:\/\/www.ayyildizgrup.com.tr\/index.php?rest_route=\/wp\/v2\/pages\/491\/revisions\/538"}],"wp:featuredmedia":[{"embeddable":true,"href":"https:\/\/www.ayyildizgrup.com.tr\/index.php?rest_route=\/wp\/v2\/media\/496"}],"wp:attachment":[{"href":"https:\/\/www.ayyildizgrup.com.tr\/index.php?rest_route=%2Fwp%2Fv2%2Fmedia&parent=491"}],"curies":[{"name":"wp","href":"https:\/\/api.w.org\/{rel}","templated":true}]}}