{"id":303,"date":"2020-05-29T02:12:21","date_gmt":"2020-05-29T02:12:21","guid":{"rendered":"http:\/\/www.ayyildizgrup.com.tr\/?page_id=303"},"modified":"2023-06-06T21:12:16","modified_gmt":"2023-06-06T21:12:16","slug":"hakkimizda-2-2","status":"publish","type":"page","link":"https:\/\/www.ayyildizgrup.com.tr\/?page_id=303","title":{"rendered":"Hakk\u0131m\u0131zda"},"content":{"rendered":"\n<p>2019 y\u0131l\u0131nda kurulan firmam\u0131z; Sekt\u00f6rde \u00f6nde gelen kurumsal i\u015f ortaklar\u0131 ve \u0130\u015ftirakleri ile birlikte Hedef Sonu\u00e7 Ba\u015far\u0131 odakl\u0131 \u00e7al\u0131\u015fma prensibini benimsemi\u015ftir. Ayy\u0131ld\u0131z Grup olarak faaliyet g\u00f6sterdi\u011fimiz t\u00fcm alanlarda gerek etkin yetkin donan\u0131ml\u0131 ekip \u00e7al\u0131\u015fanlar\u0131 gerekse konsorsiyum ortakl\u0131klar\u0131 ve i\u015ftirakleri ile ba\u015far\u0131ya ula\u015fma gayreti i\u00e7erisindedir.<\/p>\n\n\n\n<p>Ba\u015far\u0131n\u0131n s\u0131rr\u0131n\u0131n;s\u0131k\u0131 ileti\u015fime, programl\u0131 ve \u00f6l\u00e7\u00fclebilir \u00e7al\u0131\u015fma sistemine dayal\u0131 oldu\u011funu tecr\u00fcbeli y\u00f6netim kadrosu ile i\u015f hayat\u0131na yans\u0131tm\u0131\u015ft\u0131r.  <\/p>\n\n\n\n<p>Kuruldu\u011fumuz g\u00fcnden itibaren artan portf\u00f6y ve network a\u011f\u0131 ile her ge\u00e7en g\u00fcn yurti\u00e7i ve yurtd\u0131\u015f\u0131 yeni ticari i\u015fbirlikleri ve dostluklar kurarak b\u00fcy\u00fcmektedir.<\/p>\n\n\n\n<p>Kurumsal \u015fiar\u0131m\u0131z ise  &#8221;FARK YARAT , FARKI H\u0130SSET, FARKI H\u0130SSET\u0130R &#8221; dir.<\/p>\n\n\n\n<p>Hedefimiz; \u0130\u015ftiraklerimiz , ekip arkada\u015flar\u0131m\u0131z , i\u015f ortaklar\u0131m\u0131z ve m\u00fc\u015fterilerimiz ile birlikte b\u00fct\u00fcn olarak b\u00fcy\u00fcyerek globalle\u015fen d\u00fcnyada vatan\u0131m\u0131za de\u011fer katabilmek ve en y\u00fcce temsil kabiliyetine sahip olmakt\u0131r. <\/p>\n\n\n\n<p>Millet\u00e7e muhta\u00e7 oldu\u011fumuz kudret damarlar\u0131m\u0131zdaki asil kan da mevcuttur.<\/p>\n\n\n\n<p><\/p>\n","protected":false},"excerpt":{"rendered":"<p>2019 y\u0131l\u0131nda kurulan firmam\u0131z; Sekt\u00f6rde \u00f6nde gelen kurumsal i\u015f ortaklar\u0131 ve \u0130\u015ftirakleri ile birlikte Hedef Sonu\u00e7 Ba\u015far\u0131 odakl\u0131 \u00e7al\u0131\u015fma prensibini benimsemi\u015ftir. Ayy\u0131ld\u0131z Grup olarak faaliyet g\u00f6sterdi\u011fimiz t\u00fcm alanlarda gerek etkin yetkin donan\u0131ml\u0131 ekip \u00e7al\u0131\u015fanlar\u0131 gerekse konsorsiyum ortakl\u0131klar\u0131 ve i\u015ftirakleri ile ba\u015far\u0131ya ula\u015fma gayreti i\u00e7erisindedir. Ba\u015far\u0131n\u0131n s\u0131rr\u0131n\u0131n;s\u0131k\u0131 ileti\u015fime, programl\u0131 ve \u00f6l\u00e7\u00fclebilir \u00e7al\u0131\u015fma sistemine dayal\u0131 oldu\u011funu tecr\u00fcbeli&hellip; <br \/> <a class=\"read-more\" href=\"https:\/\/www.ayyildizgrup.com.tr\/?page_id=303\">Devam\u0131<\/a><\/p>\n","protected":false},"author":1,"featured_media":302,"parent":0,"menu_order":0,"comment_status":"closed","ping_status":"closed","template":"","meta":{"footnotes":""},"_links":{"self":[{"href":"https:\/\/www.ayyildizgrup.com.tr\/index.php?rest_route=\/wp\/v2\/pages\/303"}],"collection":[{"href":"https:\/\/www.ayyildizgrup.com.tr\/index.php?rest_route=\/wp\/v2\/pages"}],"about":[{"href":"https:\/\/www.ayyildizgrup.com.tr\/index.php?rest_route=\/wp\/v2\/types\/page"}],"author":[{"embeddable":true,"href":"https:\/\/www.ayyildizgrup.com.tr\/index.php?rest_route=\/wp\/v2\/users\/1"}],"replies":[{"embeddable":true,"href":"https:\/\/www.ayyildizgrup.com.tr\/index.php?rest_route=%2Fwp%2Fv2%2Fcomments&post=303"}],"version-history":[{"count":7,"href":"https:\/\/www.ayyildizgrup.com.tr\/index.php?rest_route=\/wp\/v2\/pages\/303\/revisions"}],"predecessor-version":[{"id":1029,"href":"https:\/\/www.ayyildizgrup.com.tr\/index.php?rest_route=\/wp\/v2\/pages\/303\/revisions\/1029"}],"wp:featuredmedia":[{"embeddable":true,"href":"https:\/\/www.ayyildizgrup.com.tr\/index.php?rest_route=\/wp\/v2\/media\/302"}],"wp:attachment":[{"href":"https:\/\/www.ayyildizgrup.com.tr\/index.php?rest_route=%2Fwp%2Fv2%2Fmedia&parent=303"}],"curies":[{"name":"wp","href":"https:\/\/api.w.org\/{rel}","templated":true}]}}