{"id":278,"date":"2020-05-29T01:26:01","date_gmt":"2020-05-29T01:26:01","guid":{"rendered":"http:\/\/www.ayyildizgrup.com.tr\/?page_id=278"},"modified":"2023-10-12T13:10:30","modified_gmt":"2023-10-12T13:10:30","slug":"iletisim","status":"publish","type":"page","link":"https:\/\/www.ayyildizgrup.com.tr\/?page_id=278","title":{"rendered":"\u0130LET\u0130\u015e\u0130M"},"content":{"rendered":"\n<p>Hacettepe Mah. Cevizalt\u0131 Sok. No:31\/1<\/p>\n\n\n\n<p>Alt\u0131nda\u011f\/ANKARA<\/p>\n\n\n\n<p>+90 312 911 88 19<\/p>\n\n\n\n<div class=\"wp-block-group is-layout-flow wp-block-group-is-layout-flow\"><div class=\"wp-block-group__inner-container\">\n<div class=\"wp-block-group has-vivid-cyan-blue-color has-text-color is-layout-flow wp-block-group-is-layout-flow\"><div class=\"wp-block-group__inner-container\">\n<p>bilgi@ayyildizgrup.com.tr<\/p>\n<\/div><\/div>\n<\/div><\/div>\n","protected":false},"excerpt":{"rendered":"<p>Hacettepe Mah. Cevizalt\u0131 Sok. No:31\/1 Alt\u0131nda\u011f\/ANKARA +90 312 911 88 19 bilgi@ayyildizgrup.com.tr<\/p>\n","protected":false},"author":1,"featured_media":0,"parent":0,"menu_order":0,"comment_status":"closed","ping_status":"closed","template":"","meta":{"footnotes":""},"_links":{"self":[{"href":"https:\/\/www.ayyildizgrup.com.tr\/index.php?rest_route=\/wp\/v2\/pages\/278"}],"collection":[{"href":"https:\/\/www.ayyildizgrup.com.tr\/index.php?rest_route=\/wp\/v2\/pages"}],"about":[{"href":"https:\/\/www.ayyildizgrup.com.tr\/index.php?rest_route=\/wp\/v2\/types\/page"}],"author":[{"embeddable":true,"href":"https:\/\/www.ayyildizgrup.com.tr\/index.php?rest_route=\/wp\/v2\/users\/1"}],"replies":[{"embeddable":true,"href":"https:\/\/www.ayyildizgrup.com.tr\/index.php?rest_route=%2Fwp%2Fv2%2Fcomments&post=278"}],"version-history":[{"count":7,"href":"https:\/\/www.ayyildizgrup.com.tr\/index.php?rest_route=\/wp\/v2\/pages\/278\/revisions"}],"predecessor-version":[{"id":1563,"href":"https:\/\/www.ayyildizgrup.com.tr\/index.php?rest_route=\/wp\/v2\/pages\/278\/revisions\/1563"}],"wp:attachment":[{"href":"https:\/\/www.ayyildizgrup.com.tr\/index.php?rest_route=%2Fwp%2Fv2%2Fmedia&parent=278"}],"curies":[{"name":"wp","href":"https:\/\/api.w.org\/{rel}","templated":true}]}}